{"id":30,"date":"2020-10-30T19:44:50","date_gmt":"2020-10-30T18:44:50","guid":{"rendered":"http:\/\/najla.hr\/?page_id=30"},"modified":"2020-12-04T22:15:15","modified_gmt":"2020-12-04T21:15:15","slug":"schusslerove-soli","status":"publish","type":"page","link":"http:\/\/najla.hr\/index.php\/holisticke-metode\/schusslerove-soli\/","title":{"rendered":"Schuesslerove soli"},"content":{"rendered":"<div class=\"flex_column av_three_fifth  flex_column_div av-zero-column-padding first  avia-builder-el-0  el_before_av_two_fifth  avia-builder-el-first  \" style='border-radius:0px; '><section class=\"av_textblock_section \"  itemscope=\"itemscope\" itemtype=\"https:\/\/schema.org\/CreativeWork\" ><div class='avia_textblock  '   itemprop=\"text\" ><h1>SCHUSSLEROVE SOLI<\/h1>\n<p style=\"text-align: justify;\">\n\u201eZdravlje je kvantitativna ravnote\u017ea minerala,a bolest nastaje zbog neravnote\u017ee minerala\u201c, Wilhelm Heinrich Schussler ( 1821-1898 ) njema\u010dki lije\u010dnik i homeopat.<\/p>\n<p style=\"text-align: justify;\">\nNjegov doprinos zdravlju le\u017ei u njegovom saznanju da su minerali va\u017eni u metabolizmu ljudskog organizma. Prou\u010davaju\u0107i pepeo umrlih zaklju\u010dio je da je uzrok smrti povezan sa nedostatkom va\u017enih anorganskih soli tj. minerala.Smatrao je da se uzrok bolesti treba tra\u017eiti u temelju, u najmanjoj \u017eivoj jedinici tijela, stanici. Su\u0161tina bolesti je u promjenjenoj stanici.<\/p>\n<\/div><\/section><\/div><div class=\"flex_column av_two_fifth  flex_column_div av-zero-column-padding   avia-builder-el-2  el_after_av_three_fifth  el_before_av_textblock  \" style='border-radius:0px; '><div  class='avia-image-container  av-styling-circle    avia-builder-el-3  avia-builder-el-no-sibling  avia-align-center '  itemprop=\"image\" itemscope=\"itemscope\" itemtype=\"https:\/\/schema.org\/ImageObject\"  ><div class='avia-image-container-inner'><div class='avia-image-overlay-wrap'><img class='wp-image-64 avia-img-lazy-loading-not-64 avia_image' src=\"http:\/\/najla.hr\/wp-content\/uploads\/2020\/11\/Schusslerove-soli-300x132.jpg\" alt='' title='Schusslerove soli' height=\"132\" width=\"300\"  itemprop=\"thumbnailUrl\" srcset=\"http:\/\/najla.hr\/wp-content\/uploads\/2020\/11\/Schusslerove-soli-300x132.jpg 300w, http:\/\/najla.hr\/wp-content\/uploads\/2020\/11\/Schusslerove-soli-1030x453.jpg 1030w, http:\/\/najla.hr\/wp-content\/uploads\/2020\/11\/Schusslerove-soli-768x338.jpg 768w, http:\/\/najla.hr\/wp-content\/uploads\/2020\/11\/Schusslerove-soli-1536x676.jpg 1536w, http:\/\/najla.hr\/wp-content\/uploads\/2020\/11\/Schusslerove-soli-1500x660.jpg 1500w, http:\/\/najla.hr\/wp-content\/uploads\/2020\/11\/Schusslerove-soli-705x310.jpg 705w, http:\/\/najla.hr\/wp-content\/uploads\/2020\/11\/Schusslerove-soli.jpg 2000w\" sizes=\"(max-width: 300px) 100vw, 300px\" \/><\/div><\/div><\/div><\/div><section class=\"av_textblock_section \"  itemscope=\"itemscope\" itemtype=\"https:\/\/schema.org\/CreativeWork\" ><div class='avia_textblock  '   itemprop=\"text\" ><p style=\"text-align: justify;\">Schuessler je tako\u0111er otkrio da ljudsko tijelo ne mo\u017ee upotrijebiti minerale u nerazrije\u0111enom obliku, jer u takvoj formi predstavljaju samo pritisak za organizam. Makro prehrambeni suplementi kao \u0161to su kalcij, magnezij i \u017eeljezo se ne smiju uzimati dulji period jer napre\u017eu ljudsko tijelo i mogu izazvati negativne posljedice. Predoziranje kalcijevim solima dovodi do stvaranja kelata i kamenaca, a predoziranje magnezijem ima za posljedicu laksativni u\u010dinak. Visoka suplementacija \u017eeljezom dovodi do manjka apsorpcije cinka koja ima za posljedicu smanjenu apsorpciju mangana i selena. Stoga je primjenio proces trituracije minerala i anorganske minerale preveo u tkivne soli koje se danas rade u standardnim potencijama D6 i D12 .On je otkrio 12 najbitnijih anorganskih soli i lije\u010de\u0107i njima imao je puno uspjeha \u0161to ga je potaknulo da napi\u0161e djelo \u201e Jedna skra\u0107ena terapija\u201c koje je bilo izvor osnovnih smjernica za biokemijsko lije\u010denje bolesti. Danas su na tr\u017ei\u0161tu 33 tkivne soli. Tkivne soli ili kako ih mi danas nazivano Schusslerove soli kroz otvore u stani\u010dnim membranama mogu doprijeti u stanicu a da ne ulaze u probavni sustav. Apsobiraju se preko bukalne i sublingvalne sluznice u krv a potom ih ona distribuira u stanice tijela. One tako\u0111er djeluju kao operativni agenti tj. poma\u017eu makro anorganskim mineralima da se apsorbiraju otvaraju\u010di im kanale za ulaz u stanicu.<\/p>\n<p style=\"text-align: justify;\">Tijelo je samo po sebi pametan sustav koji pohranjuje sve minerale potrebne za normalno odr\u017eavanje svih tjelesnih funkcija te \u0107e manje nedostatke minerala nadomjestiti iz osobnih radnih depozita. Ako je tijelo pod pritiskom du\u017ei vremenski period ili je dulje vrijeme unos minerala nedostatan tijelo \u0107e taj nedostatak manifestirati kroz simptome kao \u0161to su opadanje kose, lomljivi nokti, osteoporoza, nesanica. Ako se nedostatak minerala produbljuje posljedica je nepodr\u017eavanje nekih vitalnih funkcija, eliminacija toksina se smanjuje, probavni sustav postaje neefikasan a krvne \u017eile postaju nefleksibilne. Razvijaju se bolesti kao \u0161to su gastritis, hipertenzija, arterioskleroza, dijabetes, reumatoidni artritis itd. Pojavljuju se znakovi na licu koji ukazuju na nedostatak odre\u0111ene tkivne soli i stoga ih je potrebno uzimati preventivno. Tkivne soli nije mogu\u0107e predozirati jer se u slu\u010daju visoke koncentracije u intracelularnoj teku\u0107ini vi\u0161ak prelije u ekstracelularni prostor i eliminira (znojenjem, uriniranjem, stolicom). Ukoliko je tijelo razvilo ozbiljne funkcionalne probleme a lice ih nije detektiralo znak je da se radi o kroni\u010dnom nedostatku odre\u0111enog minerala i depozit treba hitno nadomjestiti.<\/p>\n<p style=\"text-align: justify;\">Vrlo je zanimljiv podatak da su Schusslerovi nasljednici otkrili psihosomatske poveznice minerala pa se predpostavlja da tkivne soli utje\u010du na stani\u010dne informacije. Nedostaci odre\u0111enih minerala utje\u010du na odre\u0111eno ljudsko pona\u0161anje. Nedostatak Magnesium phosphoricum tkivne soli na emocionalnoj razini tjera osobu da savr\u0161eno reagira na zahtjeve drugih, te se zbog toga nelagodno osje\u0107a i strahuje da \u0107e se osramotiti. Ljudi kod kojih je nedostatna koli\u010dina Kalium phosphoricum soli su ljuti, pla\u010dljivi i \u010desto mijenjaju raspolo\u017eenja. Ljudi koji nisu preboljeli neku staru tugu ili su razo\u010darani pove\u010dano tro\u0161e sol Natrium muriaticum pa su \u010desto zlovoljni, dure se i nerijetko imaju fiksne vlastite ideje o ispravnom \u017eivotu \u0161to rezultira kruto\u0161\u0107u i netolerancijom. \u010cesto se u njihovom rije\u010dniku \u010duje rije\u010d mrzim. Sentimentalne osobe pate od nedostatka tkivne soli Kalium muriaticum.<\/p>\n<p style=\"text-align: justify;\">Bez obzira \u0161to se nastojimo hraniti zdravo mo\u017eemo imati manjak odre\u0111enih mineralnih depozita jer je danas previ\u0161e razloga za\u0161to je na\u0161e tijelo siroma\u0161no tkivnim solima. Glavni uzrok je ekolo\u0161ko zaga\u0111ivanje hrane i vode, prisustvo pesticida, insekticida, herbicida i sinteti\u010dkih gnojiva u okoli\u0161u i prehrani. Tome pridonosi i genetski modificirana hrana, te izlo\u017eenost elektromagnetskim zra\u010denjima i geopatskoj stres zoni. Velika izlo\u017eenost pojavi kriminala i nasilja u medijima ima za posljedicu duhovno one\u010di\u0161\u0107enje koje tro\u0161i odre\u0111ene mineralne depozite. Tehnologija i u\u017eurbani na\u0107in \u017eivota tako\u0111er uzrokuju manjak minerala te je njihova konzumacija nesumnjivo od \u017eivotne va\u017enosti za normalno funkcioniranje ljudskog organizma.<\/p>\n<p style=\"text-align: justify;\">\nDeficit tkivnih soli nije mogu\u0107e detektirati uobi\u010dajnim laboratorijskim metodama jer one mjere koncentraciju minerala u vanstani\u010dnoj teku\u0107i pa \u010desto imamo pojavu paradoksa. Laboratorijska vrijednost minerala u krvnoj teku\u0107ini mo\u017ee biti iznad dozvoljenih vrijednosti a simptomi koje oda\u0161ilja tijelo i pona\u0161anje same osobe ukazuju na nedostatak istog minerala jer je njegova koncentracija na stani\u010dnoj razini niska. Analizom lica koju su razvili Sshusslerovi sljedbenici mo\u017eemo pravilno detektirati nedostatke minerala. Isto tako fizi\u010dki i psihi\u010dki pokazatelji mogu ukazivati da je depozit odre\u0111enog minerala potro\u0161en. Za savjet se obratite certificiranom prakti\u010dariu za Schusslerove soli i Analizu lica.<\/p>\n<\/div><\/section><\/p>\n","protected":false},"excerpt":{"rendered":"","protected":false},"author":1,"featured_media":0,"parent":21,"menu_order":3,"comment_status":"closed","ping_status":"closed","template":"","meta":[],"_links":{"self":[{"href":"http:\/\/najla.hr\/index.php\/wp-json\/wp\/v2\/pages\/30"}],"collection":[{"href":"http:\/\/najla.hr\/index.php\/wp-json\/wp\/v2\/pages"}],"about":[{"href":"http:\/\/najla.hr\/index.php\/wp-json\/wp\/v2\/types\/page"}],"author":[{"embeddable":true,"href":"http:\/\/najla.hr\/index.php\/wp-json\/wp\/v2\/users\/1"}],"replies":[{"embeddable":true,"href":"http:\/\/najla.hr\/index.php\/wp-json\/wp\/v2\/comments?post=30"}],"version-history":[{"count":4,"href":"http:\/\/najla.hr\/index.php\/wp-json\/wp\/v2\/pages\/30\/revisions"}],"predecessor-version":[{"id":490,"href":"http:\/\/najla.hr\/index.php\/wp-json\/wp\/v2\/pages\/30\/revisions\/490"}],"up":[{"embeddable":true,"href":"http:\/\/najla.hr\/index.php\/wp-json\/wp\/v2\/pages\/21"}],"wp:attachment":[{"href":"http:\/\/najla.hr\/index.php\/wp-json\/wp\/v2\/media?parent=30"}],"curies":[{"name":"wp","href":"https:\/\/api.w.org\/{rel}","templated":true}]}}