{"id":295,"date":"2020-11-14T18:05:46","date_gmt":"2020-11-14T17:05:46","guid":{"rendered":"http:\/\/najla.hr\/?page_id=295"},"modified":"2020-12-04T22:28:36","modified_gmt":"2020-12-04T21:28:36","slug":"pedeset-razloga-za-odabir-homeopatije","status":"publish","type":"page","link":"http:\/\/najla.hr\/index.php\/zanimljivosti-2\/pedeset-razloga-za-odabir-homeopatije\/","title":{"rendered":"Pedeset razloga za odabir homeopatije"},"content":{"rendered":"<div class=\"flex_column av_one_full  flex_column_div av-zero-column-padding first  avia-builder-el-0  el_before_av_image  avia-builder-el-first  \" style='border-radius:0px; '><section class=\"av_textblock_section \"  itemscope=\"itemscope\" itemtype=\"https:\/\/schema.org\/CreativeWork\" ><div class='avia_textblock  '   itemprop=\"text\" ><h1><strong>Pedest razloga za odabir homeopatije<\/strong><\/h1>\n<p><span lang=\"hr-HR\">1. U homeopatiji se primjenjuju lijekovi koji su potpuno prirodni. Pripremljeni su posebnim postupcima alkoholne ekstrakcije, razrije\u0111ivanja i dinamizacije. Ne dolaze u promet u sirovom obliku.<\/span><\/p>\n<p><span lang=\"hr-HR\">2. Svi homeopatski lijekovi su testirani na ljudskim dobrovoljcima.<\/span><\/p>\n<p><span lang=\"hr-HR\">3. Nitko nije ozlje\u0111en niti je pretrpio ikakvu \u0161tetu tijekom ispitivanja homeopatskog lijeka.<\/span><\/p>\n<p><span lang=\"hr-HR\">4. Ni jedan homeopatski lijek ne stvara ovisnost.<\/span><\/p>\n<p><span lang=\"hr-HR\">5. Homeopatski lijekovi nemaju kemijskih nuspojava.<\/span><\/p>\n<p><span lang=\"hr-HR\">6. Homeopatski lijekovi se mogu uzimati zajedno sa alopatskim lijekovima i fitofarmacima, ali najbolje djeluju kada se uzimaju sami.<\/span><\/p>\n<p><span lang=\"hr-HR\">7. Homeopatski lijekovi ne umanjuju djelovanje alopatskog lijeka jer ne stvaraju biokemijske veze i time se ne natje\u010du za mjesto vezanja na receptor.<\/span><\/p>\n<p><span lang=\"hr-HR\">8. Homeopatija smatra da je bolest izvorno uzrokovana poreme\u0107ajem protoka energije tj. vitalne sile, jer bolest po homeopatskom u\u010denju nije materijalne prirode.<\/span><\/p>\n<p><span lang=\"hr-HR\">9. Terapijska doza homeopatskog lijeka smatra se najmanjom koli\u010dinom potrebnom za poticanje izlije\u010denja.<\/span><\/p>\n<p><span lang=\"hr-HR\">10. U nekim slu\u010dajevima jedna doza homeopatskog lijeka rezultira izlije\u010denjem.<\/span><\/p>\n<p><span lang=\"hr-HR\">11. Jedan homeopatski lijek pokriva mnogo razli\u010ditih simptoma.<\/span><\/p>\n<p><span lang=\"hr-HR\">12. Homeopatski lijek koji se daje za lije\u010denje jedne bolesti tj. pritu\u017ebe, lije\u010di i druge probleme kod iste osobe.<\/span><\/p>\n<p><span lang=\"hr-HR\">13. Homeopatski lije\u010dnici \u017eele razumijeti i lije\u010diti uzroke bolesti. Ona je kauzalna terapija.<\/span><\/p>\n<p><span lang=\"hr-HR\">14. U mnogim slu\u010dajevima samo poznavanjem uzroka bolesti mo\u017ee se propisati pravilni lijek.<\/span><\/p>\n<p><span lang=\"hr-HR\">15. Slu\u010daj svakog pacijenta se uzima detaljno, ako je potrebno i vi\u0161e od sata jer se poku\u0161ava shvatiti pacijent u cijelini a ne samo bolest.<\/span><\/p>\n<p><span lang=\"hr-HR\">16. Isto tako ponekad je dovoljan samo kratki razgovor s pacijentom da bi se odredila djeluju\u0107a remedija.<\/span><\/p>\n<p><span lang=\"hr-HR\">17. Homeopatski lijekovi poma\u017eu u uspostavljanju ravnote\u017ee uma i tijela.<\/span><\/p>\n<p><span lang=\"hr-HR\">18. Homeopatski lijekovi poma\u017eu ljudima da se razviju emocionalno i duhovno.<\/span><\/p>\n<p><span lang=\"hr-HR\">19. Homeopati pridaju veliku va\u017enost osje\u0107ajima pacijenta, njegovom mentalnom stanju, snovima, strahovima i drugim emocijama, te njegovim averzijama i \u017eudnjama. Ovi elementi su vrlo bitni u repertoriziranju pacijenta jer potvr\u0111uju izabranu remediju.<\/span><\/p>\n<p><span lang=\"hr-HR\">20. Primjena homeopatije daje pacijentu mogu\u0107nost da izrazi svoje najdublje zabrinutosti i nade.<\/span><\/p>\n<p><span lang=\"hr-HR\">21. Homeopatski lijekovi mogu pomo\u0107i ljudima da se nose s \u017eivotnim krizama. <\/span><\/p>\n<p><span lang=\"hr-HR\">22. Homeopatski lijekovi lije\u010de mentalne simptome bez nuspojava.<\/span><\/p>\n<p><span lang=\"hr-HR\">23. Homeopatski lijekovi poma\u017eu op\u0107enito u ja\u010danju imuniteta.<\/span><\/p>\n<p><span lang=\"hr-HR\">24. Homeopatski lijekovi poma\u017eu u hitnim i akutnim stanjima.<\/span><\/p>\n<p><span lang=\"hr-HR\">25. Homeopatija mo\u017ee lije\u010diti pritu\u017ebe koje su stare dugi niz godina.<\/span><\/p>\n<p><span lang=\"hr-HR\">26. Kroni\u010dne bolesti se \u010desto lije\u010de homeopatijom a kada to i nije mogu\u0107e u\u010destalost pogor\u0161anja se smanjuje.<\/span><\/p>\n<p><span lang=\"hr-HR\">27. Homeopat razumiju\u0107i mijazme razumije i uzrok kroni\u010dnih bolesti te smanjuje izbor mogu\u0107ih lijekova u lije\u010denju kroni\u010dnih bolesti.<\/span><\/p>\n<p><span lang=\"hr-HR\">28. Ako izlije\u010dene i nije mogu\u0107e paliacija homeopatijom i dalje djeluje bez nuspojava. <\/span><\/p>\n<p><span lang=\"hr-HR\">29. U slu\u010daju starosti pacijenta ili kada postoje velika o\u0161te\u0107enja u funkcioniranju organizma te pacijenti ne podnose konvencionalne lijekove, homeopatske lijekove i dalje toleriraju.<\/span><\/p>\n<p><span lang=\"hr-HR\">30. Homeopatski lijekovi se lako daju pacijentima bez svijesti jer je potrebno samo nekoliko kapi lijeka nanijeti na sluznicu usana da bi lijek dijelovao u svega par sekundi.<\/span><\/p>\n<p><span lang=\"hr-HR\">31. Terminalno bolesni pacijenti koriste\u0107i homeopatiju se mogu osloboditi straha i mirno umrijeti. <\/span><\/p>\n<p><span lang=\"hr-HR\">32. Homeopatija \u010desto poma\u017ee kada nema nade u izlije\u010denje konvencionalnim metodama.<\/span><\/p>\n<p><span lang=\"hr-HR\">33. U nekim slu\u010dajevima koji se smatraju kirur\u0161ki, kori\u0161tenjem homeopatije operacija se mo\u017ee izbje\u0107i.<\/span><\/p>\n<p><span lang=\"hr-HR\">34. Koriste\u0107i moderne metode ispitivanja homeopatsko lije\u010denje je mogu\u0107e bez invazivnih dijagnosti\u010dkih postupaka.<\/span><\/p>\n<p><span lang=\"hr-HR\">35. U homeopatiji nema stvarne potrebe za specijalistima homeopatije iz odre\u0111enih grana medicine jer se lije\u010di osoba a ne bolest.<\/span><\/p>\n<p><span lang=\"hr-HR\">36. Trudnice sa sigurno\u0161\u0107u mogu koristiti homeopatske lijekove bez opasnosti za plod.<\/span><\/p>\n<p><span lang=\"hr-HR\">37. Homeopatija se koristi za o\u010duvanje trudno\u0107e i promicanje lak\u0161eg i sigurnijeg ra\u0111anja.<\/span><\/p>\n<p><span lang=\"hr-HR\">38. Homeopatija je potpuno bezopasna u tretiranju djece.<\/span><\/p>\n<p><span lang=\"hr-HR\">39. Homeopatski lije\u010dnici te\u017ee lije\u010denju za dugoro\u010dnu korist, a ne kratkoro\u010dno olak\u0161anje.<\/span><\/p>\n<p><span lang=\"hr-HR\">40. Jednom kad ljudi iskuse djelovanje homeopatskog lijeka, vi\u0161e ne sumnjaju u homeopatiju.<\/span><\/p>\n<p><span lang=\"hr-HR\">41. Homeopatski lijekovi ponovno uspostavljaju ravnote\u017eu na najosnovnijim razinama \u017eivota pa time pove\u0107avaju \u017eivotni vijek.<\/span><\/p>\n<p><span lang=\"hr-HR\">42. Homeopati razumiju i koriste razli\u010dite odnose i potencije razli\u010ditih homeopatskih lijekova.<\/span><\/p>\n<p><span lang=\"hr-HR\">43. Privremeno vra\u0107anje starih simptoma kada se uzme homeopatski lijek samo je saznjane da je pacijent na pravom putu izlije\u010denja.<\/span><\/p>\n<p><span lang=\"hr-HR\">44. Homeopatski lijekovi su ekolo\u0161ki prihvatljivi te nema govora o medicinski otpadnim proizvodima.<\/span><\/p>\n<p><span lang=\"hr-HR\">45. Homeopatija nas u\u010di da sve tvar iz prirode koje su pripravljene na pravilan na\u010din (homeopatski na\u010din \u2013ekstrakcija, razrije\u0111ivanje, dinamizacija i dokazivanje) mogu imati lijekovitu vrijednost.<\/span><\/p>\n<p><a name=\"_GoBack\"><\/a><span lang=\"hr-HR\">46. Ni jedan homeopatski lijek nije povu\u010den s tr\u017ei\u0161ta zbog sumnji na nus pojavu.<\/span><\/p>\n<p><span lang=\"hr-HR\">47. Stvarna u\u010dinkovitost svih dokazanih homeopatskih lijekova ne isti\u010de. Jednako su u\u010dinkoviti i nakon 100 i 200 godina kao i onda kada su dokazani i uvr\u0161teni u Materia Medicu.<\/span><\/p>\n<p><span lang=\"hr-HR\">48. Homeopatija je pre\u017eivjela napade konvencionalne medicine ve\u0107 200 godina.<\/span><\/p>\n<p><span lang=\"hr-HR\">49. Budu\u0107i da homeopatija lije\u010di utje\u010du\u0107i na vitalnu silu (energiju) tjera nas da dublje razmi\u0161ljamo o \u017eivotu.<\/span><\/p>\n<p><span lang=\"hr-HR\">50. Sve vi\u0161e je istra\u017eivanja koja dokazuju da je homeopatski lijek jednako vrijedan za odre\u0111enu tegobu ili stanje kao i alopatski lijek. <\/span><\/p>\n<\/div><\/section><\/div><div  class='avia-image-container  av-styling- av-hover-grow   avia-builder-el-2  el_after_av_one_full  avia-builder-el-last  avia-align-center '  itemprop=\"image\" itemscope=\"itemscope\" itemtype=\"https:\/\/schema.org\/ImageObject\"  ><div class='avia-image-container-inner'><div class='avia-image-overlay-wrap'><img class='wp-image-211 avia-img-lazy-loading-not-211 avia_image' src=\"http:\/\/najla.hr\/wp-content\/uploads\/2020\/11\/mag.pharm_.-Jelena-Polic.png\" alt='' title='mag.pharm. Jelena Poli\u0107' height=\"416\" width=\"624\"  itemprop=\"thumbnailUrl\" srcset=\"http:\/\/najla.hr\/wp-content\/uploads\/2020\/11\/mag.pharm_.-Jelena-Polic.png 624w, http:\/\/najla.hr\/wp-content\/uploads\/2020\/11\/mag.pharm_.-Jelena-Polic-300x200.png 300w\" sizes=\"(max-width: 624px) 100vw, 624px\" \/><\/div><\/div><\/div><\/p>\n","protected":false},"excerpt":{"rendered":"","protected":false},"author":1,"featured_media":0,"parent":80,"menu_order":6,"comment_status":"closed","ping_status":"closed","template":"","meta":[],"_links":{"self":[{"href":"http:\/\/najla.hr\/index.php\/wp-json\/wp\/v2\/pages\/295"}],"collection":[{"href":"http:\/\/najla.hr\/index.php\/wp-json\/wp\/v2\/pages"}],"about":[{"href":"http:\/\/najla.hr\/index.php\/wp-json\/wp\/v2\/types\/page"}],"author":[{"embeddable":true,"href":"http:\/\/najla.hr\/index.php\/wp-json\/wp\/v2\/users\/1"}],"replies":[{"embeddable":true,"href":"http:\/\/najla.hr\/index.php\/wp-json\/wp\/v2\/comments?post=295"}],"version-history":[{"count":4,"href":"http:\/\/najla.hr\/index.php\/wp-json\/wp\/v2\/pages\/295\/revisions"}],"predecessor-version":[{"id":511,"href":"http:\/\/najla.hr\/index.php\/wp-json\/wp\/v2\/pages\/295\/revisions\/511"}],"up":[{"embeddable":true,"href":"http:\/\/najla.hr\/index.php\/wp-json\/wp\/v2\/pages\/80"}],"wp:attachment":[{"href":"http:\/\/najla.hr\/index.php\/wp-json\/wp\/v2\/media?parent=295"}],"curies":[{"name":"wp","href":"https:\/\/api.w.org\/{rel}","templated":true}]}}