{"id":23,"date":"2020-10-30T19:32:47","date_gmt":"2020-10-30T18:32:47","guid":{"rendered":"http:\/\/najla.hr\/?page_id=23"},"modified":"2020-12-04T22:25:34","modified_gmt":"2020-12-04T21:25:34","slug":"homeopatija","status":"publish","type":"page","link":"http:\/\/najla.hr\/index.php\/holisticke-metode\/homeopatija\/","title":{"rendered":"Homeopatija"},"content":{"rendered":"<div class=\"flex_column av_two_third  flex_column_div av-zero-column-padding first  avia-builder-el-0  el_before_av_one_third  avia-builder-el-first  \" style='border-radius:0px; '><section class=\"av_textblock_section \"  itemscope=\"itemscope\" itemtype=\"https:\/\/schema.org\/CreativeWork\" ><div class='avia_textblock  '   itemprop=\"text\" ><h1>Homeopatija<\/h1>\n<hr \/>\n<p style=\"text-align: justify;\"><strong>\u201eNa osnovu svog\u00a0 iskustva \u010dvrsto vjerujem da homepatija mo\u017ee efikasno pomo\u0107i oboljelom<\/strong><strong> \u010dovje\u010danstvu povratiti psihosomatsku ravnote\u017eu, te mo\u017ee biti dragocjeni oslonac za ubrzanu duhovnu evoluciju \u010dovje\u010danstva\u201c, George Vithoulkas, 1979. g<\/strong>.(jedan od najve\u0107ih svjetskih homeopata, dobitnik Nobelove nagrade za alternativnu medicinu).<\/p>\n<p style=\"text-align: justify;\">Homeopatija je holisti\u010dka metoda koja me upotpunosti osvojila. Sveobuhvatna, prirodna, ne\u0161kodljiva, samoiscjeljuju\u0107a, pogodna i za najve\u0107e skeptike koji se ne odri\u010du konvencionalnih metoda lije\u010denja jer je mogu koristiti istovremeno. Homeopatiju je osnovao njema\u010dki lije\u010dnik Samuel Hahneman kao odgovor na grubosti medicinskih tretmana 18. stolje\u0107a. Dr. Hahneman je po prvi put u povijesti medicine formirao zakone i principe koji upravljaju zdravljem i bole\u0161\u0107u i dokazao ih kroz svoje prakti\u010dno klini\u010dko iskustvo. Homeopatiju su\u00a0 kako u Evropi tako i u svijetu \u0161irili lije\u010dnici istomi\u0161ljenici<\/p>\n<\/div><\/section><\/div><div class=\"flex_column av_one_third  flex_column_div av-zero-column-padding   avia-builder-el-2  el_after_av_two_third  el_before_av_one_full  \" style='border-radius:0px; '><div  class='avia-image-container  av-styling-circle    avia-builder-el-3  avia-builder-el-no-sibling  avia-align-center '  itemprop=\"image\" itemscope=\"itemscope\" itemtype=\"https:\/\/schema.org\/ImageObject\"  ><div class='avia-image-container-inner'><div class='avia-image-overlay-wrap'><a href='http:\/\/najla.hr\/wp-content\/uploads\/2020\/11\/Najla_homeopatija-1030x687.png' class='avia_image'  ><img width=\"300\" height=\"200\" class='wp-image-330 avia-img-lazy-loading-not-330 avia_image' src=\"http:\/\/najla.hr\/wp-content\/uploads\/2020\/11\/Najla_homeopatija-300x200.png\" alt='' title='Najla_homeopatija'  itemprop=\"thumbnailUrl\" srcset=\"http:\/\/najla.hr\/wp-content\/uploads\/2020\/11\/Najla_homeopatija-300x200.png 300w, http:\/\/najla.hr\/wp-content\/uploads\/2020\/11\/Najla_homeopatija-1030x687.png 1030w, http:\/\/najla.hr\/wp-content\/uploads\/2020\/11\/Najla_homeopatija-768x512.png 768w, http:\/\/najla.hr\/wp-content\/uploads\/2020\/11\/Najla_homeopatija-705x470.png 705w, http:\/\/najla.hr\/wp-content\/uploads\/2020\/11\/Najla_homeopatija.png 1500w\" sizes=\"(max-width: 300px) 100vw, 300px\" \/><\/a><\/div><\/div><\/div><\/div><div class=\"flex_column av_one_full  flex_column_div av-zero-column-padding first  avia-builder-el-4  el_after_av_one_third  avia-builder-el-last  column-top-margin\" style='border-radius:0px; '><section class=\"av_textblock_section \"  itemscope=\"itemscope\" itemtype=\"https:\/\/schema.org\/CreativeWork\" ><div class='avia_textblock  '   itemprop=\"text\" ><p style=\"text.align: justify:\"Ona i danas u medicinskim i nemedicinskim krugovima \u0161irom svijeta ima svoje pobornike i odavno je prestala biti tabu. U \u0160vicarskoj i Indiji je dio zdravstvenog sustava i ravnopravna je sa konvencionalnom medicinom. U Francuskoj polovina stanovni\u0161tva koristi homeopatiju a francuska homeopatija je grana homeopatija koja se i danas izu\u010dava. \u00a0Po izvje\u0161tajima Svjetske zdravstvene organizacije ona je druga primjenjivanja zdravstvena terapeutska metoda u svijetu. Mnogi je smatraju medicinom budu\u0107nosti.\n\n\n\n\n\n\n\n<p style=\"text-align: justify;\">Razlika izme\u0111u alopatske i homeopatske medicine le\u017ei u razli\u010ditim gledi\u0161tima na uzrok bolesti iako su jedna i druga unazad dva stolje\u0107a i\u0161le ruku pod ruku u slu\u017ebi ljudskog zdravlja. Alopatska medicina ima naglasak na ljudsko tijelo odnosno na kemijske i strukturne komponente ljudskog tijela. Homeopatska medicina djeluje indirekno na kemijski sastav i strukturu ljudskog tijela pomo\u0107u dinamiziranih prirodnih supstanci djeluju\u0107i na nivo koji je suptilniji od fizi\u010dkog i koji mu je nadre\u0111en. Ona djeluje na poreme\u0107enu \u00a0vitalnu energiju\u00a0 i uravnote\u017euje je. Dok je prva usmjerena na materijalizaciju bolesti, druga ima naglasak na zdravlje i cjelovitost.<\/p>\n<p>HOMEOPATSKI ZAKONI<\/p>\n<p style=\"text-align: justify;\">Dr. Samuel Hahnemann je uo\u010dio da se odre\u0111ene pravilnosti pojavljuju i kod razli\u010ditih bolesti tako i kod razli\u010ditih bolesnika. Te je pravilnosti najprije zapisao i definirao, a zatim ih je provjerio u praksi. Sve njegove postavke potvrdile su se i tako je nastao sustav homeopatskih zakona koji homeopatiji daju znanstvenu razinu. Od vremena od kada su definirana pa do danas homeopatski su se zakoni uvijek iznova potvr\u0111ivali u svakodnevnoj praksi te homeopatima \u0161irom svijeta slu\u017ee kao postulati u lije\u010denju<\/p>\n<p><strong>Zakon sli\u010dnosti<\/strong><\/p>\n<p style=\"text-align: justify;\">On je prvi i osnovni zakon u homeopatskom lije\u010denju <em>\u201e Similia similibur curentur \u201e <\/em>sli\u010dno se s sli\u010dnim lije\u010di. Bolesna osoba koja uzima lijek koji kod zdrave osobe izaziva iste simptome \u0107e ozdraviti. Slikoviti \u00a0primjer za to je homeopatski lijek Allium cepa \u2013 crveni luk. Primjetili smo da sjeckanje luka uzrokuje odre\u0111ene simptome: vodenasto, obilno curenje iz o\u010diju, te iritaciju nosne sluznice, peku\u0107i i iritiraju\u0107i sekret u nosu, a svi simptomi se pobolj\u0161avaju ako se otvori prozor i izlo\u017ei svje\u017eem zraku. Pacijentima koji su prehla\u0111eni ili imaju alergijsku reakciju sa upravo ovakvim simptomima potreban je za ozdravljene ovaj homeopatski lijek<\/p>\n<p><strong>Zakon dokaza<\/strong><\/p>\n<p style=\"text-align: justify;\">Sve homeopatske remedije dokazane su na zdravim dobrovoljcima. Na taj se na\u010din odre\u0111ivala njihova ukupna simptomatolo\u0161ka slika pa su se kasnije te iste supstance mogle koristiti kao pomo\u0107 pacijentima sa sli\u010dnim simptomima. Hanemann je svojim ispitanicima davao subtoksi\u010dne doze poznavaju\u0107i toksikologiju biljnog i mineralnog svijeta. Da bi izbjegao po\u010detno ne\u017eeljeno pogor\u0161anje simptoma remedije je jo\u0161 vi\u0161e razrije\u0111ivao i dinamizirao \u0161to im nije nimalo smanjivalo efekt djelovanja nego je naprotiv poja\u010dalo i ubrzalo efekt lije\u010denja. Takvim reduciranjem doze je po\u010detno pogor\u0161anje bilo jedva primjetno<\/p>\n<p><strong>Zakon minimalne doze<\/strong><\/p>\n<p style=\"text-align: justify;\">Dr. Hahnemann je postavio Zakon minimalne doze koji je u skladu sa Arndt-Schultzovim zakonom koji ka\u017ee da male doze stimuliraju, srednje doze paraliziraju, a velike doze ubijaju. Prema ovom zakonu male doze djeluju na \u017eivu materiju suprotno od djelovanja velike doze iste supstancije. Dobar primjer za to je zmijski otrov. Jedna kap zmijskog otrova predstavlja izuzetno veliku dozu koja ubija. Isti taj otrov pripremljen na homeopatski na\u010din predstavlja jednu od najve\u0107ih i najsveobuhvatnijih homeopatskih remedija koja lije\u010di veliki broj simptoma i bolesti i koje se nazivaju polikrestima.<\/p>\n<p><strong>Zakon jedne remedije<\/strong><\/p>\n<p style=\"text-align: justify;\">U svim \u0161kolama klasi\u010dne homeopatije se Zakon jedne remedije primjenjuje u punom smislu. To zna\u010di da homeopat propisuje samo jednu remediju koja je u procesu dokazivanja pokazala najve\u0107u sli\u010dnost sa kompleksno\u0161\u0107u njegovih simptoma. Propisivanje jedne remedije ima prednost u smislu pra\u010denja njenog djelovanja. Kada se ordinira vi\u0161e remedija odjednom ne zna se koja je dovela do iscjeljenja i u kojem omjeru. Sam Hahnemann je rekao: \u201e Jedna remedija za jednu du\u0161u u jedno vrijeme.\u201c Postavljena je i druga teorija o zakonu jedne remedije. To je teorija suvremene francuske homeopatije. Pred kraj svog \u017eivota Hahnemann je \u017eivio u Francuskoj u periodu kada je homeopatija bilje\u017eila svoj veliki rast. Tada je i on sam znao propisati dvije pa \u010dak i tri homeopatske remedije potrebne za ozdravljenje bolesnika. Iz takvih postupaka proiza\u0161la je i druga teorija koja po\u0161tuju\u0107i Zakon jedne remedije istom pacijentu propisuje vi\u0161e \u00a0homeopatskih remedija, ali ne u isto vrijeme. Homeopati koji su prihvatili takav na\u010din propisivanju su sljedbenici tvz. francuske \u0161kole homeopatije. Moderniji znanstveni pristup homeopatskog tretiranja bolesnika temeljen na ne\u0161to druga\u010dijoj klasifikaciji simptoma uva\u017eava ovaj pristup propisuju\u0107i vi\u0161e homeopatskih lijekova koji su kompatibilni i dobro se slijede i nadopunjuju.<\/p>\n<p><strong>Koncept vitalne sile<\/strong><\/p>\n<p style=\"text-align: justify;\">\u017divi organizmi imaju funkcije smoodr\u017eavanja i reprodukcije a posjeduju i \u010dula pomo\u0107u kojih do\u017eivljavaju razne senzacije. Sva tkiva, organi i organski sustavi funkcioniraju na takav na\u010din da \u017eivi organizam nije ni svjestan tih funkcija. Kada je organizam zdrav ka\u017eemo da su emocije i funkcije koje izvr\u0161ava tijelo u ravnote\u017ei. Sila koja vodi sve funkcije u organizmu naziva se vitalna sila. Kinezi je ve\u0107 400 godina nazivaju Qi ili Chi a Indijci Prana. Ona se ne mo\u017ee objektivno vidjeti niti subjektivno mjeriti. Onog trenutka kada kada organizam po\u010dima osje\u0107ati rad odre\u0111enog organa do\u017eivljavaju\u0107i razne senzacije, a tjelesni mir i\u00a0 tjelesne funkcije budu naru\u0161ene, osoba tra\u017ei pomo\u0107 lije\u010dnika. Biranjem homeopatskog lijeka sa slikom senzacija i simptoma koja je sli\u010dna stanju u kojem se na\u0161ao organizam sa naru\u0161enom vitalnom silom ili energijom posti\u0107i \u0107emo povratak vitalne sile u ravnote\u017eu odnosno vra\u0107anje naru\u0161enog mira i uskla\u0111enost tjelesnih funkcija.<\/p>\n<p style=\"text-align: justify;\"><strong>Zakon o smjeru lije\u010denja ili Herigov zakon<\/strong><\/p>\n<p style=\"text-align: justify;\">Dr. Constantine Hering\u00a0 izrazio je u obliku zakona ono \u0161to su dr. Hahnemann i njegovi studenti ranije primjetili. Obnova unutarnje harmonije a samim time i zdravlja bolesne osobe mo\u017ee se pratiti kao predvidljivi proces u skladu sa \u010detiri Heringova zakona o smjeru izlje\u010denja:<\/p>\n<ol style=\"text-align: justify;\">\n<li><em>Odozgo prema dole<\/em><\/li>\n<\/ol>\n<p style=\"text-align: justify;\">Simptomi izlje\u010denja pokazuju te\u017enju kretanja odozgo prema dolje. Pr. Bolovi u zglobovima mogu prije\u0107a sa ramena na kukove, a\u00a0 zatim na noge. Svako \u0161irenje simptoma u drugom pravcu znak je da je bolest potisnuta i da se stanje pogor\u0161ava.<\/p>\n<ol style=\"text-align: justify;\" start=\"2\">\n<li><em>Iz unutra\u0161njosti prema van<\/em><\/li>\n<\/ol>\n<p style=\"text-align: justify;\">Promatraju\u0107i tijek ovih simptoma \u010dini nam se da tijelo postupno i sustavno istjeruje bolest jer prvo nestaju mentalni, emocionalni i duboki fizi\u010dki simptomi dok se na ko\u017ei mo\u017ee javiti poja\u010dani osip ili sekret na sluknicama nosa, usta, vagine ili dijareja.<\/p>\n<ol style=\"text-align: justify;\" start=\"3\">\n<li><em>U redosljedu suprotnom od pojave simptoma<\/em><\/li>\n<\/ol>\n<p style=\"text-align: justify;\">Kada je tijelo uklju\u010deno u homeopatski proces prirodnog lije\u010denja ponovno mo\u017ee do\u0107i do pjave starih simptoma koji su bili potisnuti ili nisu nikada do kraja izlije\u010deni te \u0107e se tako pred samo izlije\u010denje prvi simptom s kojim je bolest po\u010dela pojaviti kao posljednji u nizu.<\/p>\n<ol style=\"text-align: justify;\" start=\"4\">\n<li><em>Od va\u017enih prema manje va\u017enim tkivima<\/em><\/li>\n<\/ol>\n<p style=\"text-align: justify;\">\u00a0\u00a0\u00a0\u00a0\u00a0 Simptomi izlije\u010denja se kre\u0107u od vitalnih prema manje vitalnim organskim sustavima. Pr. od srca\u00a0 prema probavnim organima ka ko\u017ei.<\/p>\n<\/div><\/section><\/div><\/p>\n","protected":false},"excerpt":{"rendered":"","protected":false},"author":1,"featured_media":0,"parent":21,"menu_order":1,"comment_status":"closed","ping_status":"closed","template":"","meta":[],"_links":{"self":[{"href":"http:\/\/najla.hr\/index.php\/wp-json\/wp\/v2\/pages\/23"}],"collection":[{"href":"http:\/\/najla.hr\/index.php\/wp-json\/wp\/v2\/pages"}],"about":[{"href":"http:\/\/najla.hr\/index.php\/wp-json\/wp\/v2\/types\/page"}],"author":[{"embeddable":true,"href":"http:\/\/najla.hr\/index.php\/wp-json\/wp\/v2\/users\/1"}],"replies":[{"embeddable":true,"href":"http:\/\/najla.hr\/index.php\/wp-json\/wp\/v2\/comments?post=23"}],"version-history":[{"count":7,"href":"http:\/\/najla.hr\/index.php\/wp-json\/wp\/v2\/pages\/23\/revisions"}],"predecessor-version":[{"id":332,"href":"http:\/\/najla.hr\/index.php\/wp-json\/wp\/v2\/pages\/23\/revisions\/332"}],"up":[{"embeddable":true,"href":"http:\/\/najla.hr\/index.php\/wp-json\/wp\/v2\/pages\/21"}],"wp:attachment":[{"href":"http:\/\/najla.hr\/index.php\/wp-json\/wp\/v2\/media?parent=23"}],"curies":[{"name":"wp","href":"https:\/\/api.w.org\/{rel}","templated":true}]}}