{"id":19,"date":"2020-10-30T19:31:10","date_gmt":"2020-10-30T18:31:10","guid":{"rendered":"http:\/\/najla.hr\/?page_id=19"},"modified":"2020-12-04T22:31:15","modified_gmt":"2020-12-04T21:31:15","slug":"galerija","status":"publish","type":"page","link":"http:\/\/najla.hr\/index.php\/zanimljivosti-2\/galerija\/","title":{"rendered":"Homeopatija u sportu"},"content":{"rendered":"<div class=\"flex_column av_two_third  flex_column_div av-zero-column-padding first  avia-builder-el-0  el_before_av_one_third  avia-builder-el-first  \" style='border-radius:0px; '><section class=\"av_textblock_section \"  itemscope=\"itemscope\" itemtype=\"https:\/\/schema.org\/CreativeWork\" ><div class='avia_textblock  '   itemprop=\"text\" ><h1>HOMEOPATIJA U SPORTU<\/h1>\n<hr \/>\n<p align=\"JUSTIFY\"><a name=\"_GoBack\"><\/a><span lang=\"hr-HR\">Danas je homeopatija nedvojbeno metoda izbora u lije\u010denju sportskih trauma kako na fizi\u010dkoj tako i na emotivnoj razini. Njezina komplementarnost sa alopatskom sportskom medicinom odavno je prepoznata u zemljama u kojima se homeopatija tradicijski prakticira. U Europi, kao dio sportske medicine, najvi\u0161e se prakticira u <\/span><span lang=\"hr-HR\"><b>Njema\u010dkoj gdje je zastupljena u 90 % svih nogometnih klubova Bundes lige.<\/b><\/span><span lang=\"hr-HR\"> Svoje mjesto nalazi i u atletici gdje poma\u017ee ubla\u017eavanju stresa uzrokovanog ekstremnim fizi\u010dkim naporima i iscrpljivanjima. <\/span><span lang=\"hr-HR\"><b>U Francuskim profesionalnim rukometnim klubovima<\/b><\/span><span lang=\"hr-HR\"> ona je odavno na\u0161la svoje mjesto a naveliko se prakticira i u Velikoj Britaniji i \u0160panjolskoj. Sve vi\u0161e profesionalnih i amaterskih sporta\u0161a \u017eeli izbje\u0107i konvencionalne terapije te te\u017ee prirodnijem i bezopasnijem lije\u010denju bez \u0161tetnih u\u010dinaka. Homeopatski lijekovi pokazuju dokazani protuupalni u\u010dinak te se mogu koristiti kao zamjena za protuupalne nesteroidne analgetike. Lijekovi su izbora u lije\u010denju akutnih stanja kao \u0161to su prehlade, razna akutna trovanja i sl. ali i kroni\u010dnih stanja sporta\u0161a jer nemaju doping profil te se mogu uzeti kada za to postoji potreba. Homeopatija odr\u017eava zdravlje mi\u0161i\u0107a i zglobova, ja\u010da imunitet, uskla\u0111uje metabolizam pa se time izbjegava i hormonska terapija, a njezina komplementarnost poma\u017ee u\u010dinkovitosti konvencionalnih terapija. Izbor je i u lije\u010denju emotivnog stresa kao \u0161to je strah, trema, nesigurnost, odvojenost od obitelji, prilgodba na novu sredinu, klub i trenera, a zbog svog individualnog pristupa poma\u017ee sporta\u0161u otkriti vlastite snage, kreativnost, nadarenost i upornost kao i prihva\u010danje poraza i pronala\u017eenje motivacije i snage za nastavak vje\u017ebanja<\/span>.<\/p>\n<\/div><\/section><\/div><div class=\"flex_column av_one_third  flex_column_div av-zero-column-padding   avia-builder-el-2  el_after_av_two_third  el_before_av_textblock  \" style='border-radius:0px; '><div  class='avia-image-container  av-styling-circle  av-has-copyright av-copyright-always   avia-builder-el-3  avia-builder-el-no-sibling  avia-align-center '  itemprop=\"image\" itemscope=\"itemscope\" itemtype=\"https:\/\/schema.org\/ImageObject\"  ><div class='avia-image-container-inner'><div class='avia-image-overlay-wrap'><img class='wp-image-116 avia-img-lazy-loading-not-116 avia_image' src=\"http:\/\/najla.hr\/wp-content\/uploads\/2020\/11\/Najbrzi-covjek-na-svijetu-koristi-homeopatiju-251x300.png\" alt='' title='Najbr\u017ei \u010dovjek na svijetu koristi homeopatiju' height=\"300\" width=\"251\"  itemprop=\"thumbnailUrl\" srcset=\"http:\/\/najla.hr\/wp-content\/uploads\/2020\/11\/Najbrzi-covjek-na-svijetu-koristi-homeopatiju-251x300.png 251w, http:\/\/najla.hr\/wp-content\/uploads\/2020\/11\/Najbrzi-covjek-na-svijetu-koristi-homeopatiju.png 370w\" sizes=\"(max-width: 251px) 100vw, 251px\" \/><\/div><small class='avia-copyright'>Najbr\u017ei \u010dovjek na svijetu koristi homeopatiju<\/small><\/div><\/div><\/div><\/p>\n<section class=\"av_textblock_section \"  itemscope=\"itemscope\" itemtype=\"https:\/\/schema.org\/CreativeWork\" ><div class='avia_textblock  '   itemprop=\"text\" ><p align=\"JUSTIFY\"><span lang=\"hr-HR\"><b>Usain Bolt<\/b><\/span><span lang=\"hr-HR\">, poznati olimpijski sprinter i osvaja\u010d mnogobrojnih zlatnih medalja koristi homeopatiju od svoje \u0161esnaeste godine. Ro\u0111en je sa skoliozom, zakrivljenjem donjeg dijela kralje\u017enice, \u0161to ga \u010dini osjetljivim na bolove u le\u0111ima i ozljede. Pacijent je njema\u010dkog sportskog lije\u010dnika Hans-Wilheim M\u00fcller-Wohifahrta koji u svojoj klinici u M\u00fcnchenu prakticira i homeopatiju. Doktor M\u00fcller je svjetski lider u lije\u010denju sportskih ozljeda poznat po svom holisti\u010dkom pristupu koji objedinjuje ortopediju, ru\u010dnu dijagnostiku, akupunkturu i homeopatiju. Bolt dva puta godi\u0161nje leti u M\u00fcnchen na kontrolne preglede. Vezu sa svojim lije\u010dnikom opisuje kao prijateljsku, neraskidivu i dugu jer je kako ka\u017ee Bolt \u201esmislio na\u010din kako da mi osigura da mi le\u0111a budu uredu, da se mogu natjecati i da mogu ostati na stazi\u201c. Za svoj oporavak Bolt koristi ove homeopatske remedije: arnicu (kraljicu traume), ledum, nux vomicu i bellis peneris. Ostali poznati sporta\u0161i koji su tako\u0111er njegovi pacijenti su:<\/span><span lang=\"hr-HR\"><b> Paula Radcliffe, Kelly Holmes, Tyson Gay, Ronaldo, Micheal Owen, Steven Gerrard i Boris Becker<\/b><\/span><span lang=\"hr-HR\">. Tako\u0111er je i lije\u010dnik <\/span><span lang=\"hr-HR\"><b>njema\u010dke nogometne reprezentacije i FC Bayern M\u00fcnchena<\/b><\/span><strong>.<\/strong><\/p>\n<\/div><\/section>\n","protected":false},"excerpt":{"rendered":"","protected":false},"author":1,"featured_media":0,"parent":80,"menu_order":2,"comment_status":"closed","ping_status":"closed","template":"","meta":[],"_links":{"self":[{"href":"http:\/\/najla.hr\/index.php\/wp-json\/wp\/v2\/pages\/19"}],"collection":[{"href":"http:\/\/najla.hr\/index.php\/wp-json\/wp\/v2\/pages"}],"about":[{"href":"http:\/\/najla.hr\/index.php\/wp-json\/wp\/v2\/types\/page"}],"author":[{"embeddable":true,"href":"http:\/\/najla.hr\/index.php\/wp-json\/wp\/v2\/users\/1"}],"replies":[{"embeddable":true,"href":"http:\/\/najla.hr\/index.php\/wp-json\/wp\/v2\/comments?post=19"}],"version-history":[{"count":10,"href":"http:\/\/najla.hr\/index.php\/wp-json\/wp\/v2\/pages\/19\/revisions"}],"predecessor-version":[{"id":512,"href":"http:\/\/najla.hr\/index.php\/wp-json\/wp\/v2\/pages\/19\/revisions\/512"}],"up":[{"embeddable":true,"href":"http:\/\/najla.hr\/index.php\/wp-json\/wp\/v2\/pages\/80"}],"wp:attachment":[{"href":"http:\/\/najla.hr\/index.php\/wp-json\/wp\/v2\/media?parent=19"}],"curies":[{"name":"wp","href":"https:\/\/api.w.org\/{rel}","templated":true}]}}