{"id":17,"date":"2020-10-30T19:30:34","date_gmt":"2020-10-30T18:30:34","guid":{"rendered":"http:\/\/najla.hr\/?page_id=17"},"modified":"2020-12-04T22:40:31","modified_gmt":"2020-12-04T21:40:31","slug":"o-nama","status":"publish","type":"page","link":"http:\/\/najla.hr\/index.php\/o-nama\/","title":{"rendered":"O nama"},"content":{"rendered":"<div class=\"flex_column av_one_full  flex_column_div av-zero-column-padding first  avia-builder-el-0  el_before_av_image  avia-builder-el-first  \" style='border-radius:0px; '><section class=\"av_textblock_section \"  itemscope=\"itemscope\" itemtype=\"https:\/\/schema.org\/CreativeWork\" ><div class='avia_textblock  '   itemprop=\"text\" ><h1>O nama<\/h1>\n<p style=\"text-align: justify;\">\n<strong>\u201eNema izlije\u010denja dok ne do\u0111e do promjene u na\u010dinu percepcije, stanju duha i unutarnjem osje\u0107aju sre\u0107e\u201c<\/strong>, misao je dr. Edwarda Bacha koja je ujedno i moj aksiom u shva\u0107anju zdravlja.<\/p>\n<p style=\"text-align: justify;\">Zavr\u0161ila sam studij farmacije na Farmaceutskom-biokemijskom fakultetu u Zagrebu. Dugogodi\u0161nji rad u ljekarni i dvosmjerna komunikacija s korisnicima farmaceutskih usluga su nezaobilazno iskustvo i spoznaja\u00a0 ljudskih potreba u procesu lije\u010denja. Danas je farmacut zasigurno najdostupniji zdravstveni djelatnik kojem se direktno \u201es ulice\u201c bez nepotrebnih procedura i najava u svakom trenutku mo\u017eete obratiti tra\u017ee\u0107i zdravstveni savjet. Fokus zanimanja za ljudsko zdravlje me odveo na put holistike koji\u00a0 \u010dovjeka promatra kroz tri me\u0111usobno pro\u017eeta segmenta: tijelo, duh i emocije davaju\u0107i svakom podjednaku va\u017enost. Polipragmazija i sve ve\u0107a tendencija rasta jatrogenih bolesti navela me na pronala\u017eenje i u\u010denje i drugih prirodnih terapijiskih metoda koje imaju blagotvorno djelovanje po ljudsko zdravlje ne \u010dine\u0107i mu \u0161tetu.<\/p>\n<p style=\"text-align: justify;\">Na Annah Akademiji u Zagrebu uz mentoriranje dr. sc. Ane Klikovac BFRP sam zavr\u0161ila <strong>\u010detverogodi\u0161nji program<\/strong> <strong>klini\u010dke i francuske homeopatije uz repertorizaciju i upotrebu softvera te stekla certifikat.<\/strong><\/p>\n<\/div><\/section><\/div><div class=\"flex_column av_one_full  flex_column_div av-zero-column-padding first  \" style='border-radius:0px; '><section class=\"av_textblock_section \"  itemscope=\"itemscope\" itemtype=\"https:\/\/schema.org\/CreativeWork\" ><div class='avia_textblock  '   itemprop=\"text\" ><p style=\"text-align: justify;\">\nU Annah centru poha\u0111am <strong>Foundation Course in Homeopathy<\/strong> (tre\u0107a godina ) koju zajedno provode \u00a0Annah Akademija i The Other Song \u2013 International Academy of Advanced Homeopathy \u00a0iz Mumbaia ( Indija ).<\/p>\n<p style=\"text-align: justify;\">\n<strong>Certificirani<\/strong> sam <strong>prakti\u010dar \u00a0Metode osjeta<\/strong> koju je osmislio Dr. Rajan Sankaran, jedan od najve\u0107ih svjetskih homeopata dana\u0161njice. To je sofisticirana metoda koja sistematizira stanje pacijenta kroz sedam razina. Najva\u017enija i homeopatski najrelevantnija je razina osjeta koja direktno korespodira sa energijom izvora ( lijekom ili remedijom ).<\/p>\n<p style=\"text-align: justify;\">\nU Zagrebu sam prisutvovala trodnevnom seminaru <strong>\u201e The 8 box method<\/strong>\u201c . Seminar je vodio Dr. Rajan Sankaran koji je ujedno i osmislio ovu metodu propisivanja homeopatskog lijek, te sam za istu stekla znanje i razumjevanje propisivanja.<\/p>\n<p style=\"text-align: justify;\">\nZavr\u0161ila sam program <strong>savjetnika za Schuslerove soli ( za ljude i \u017eivotinje) i analizu lica<\/strong> te sam certificirani prakti\u010dar po Atfinoj me\u0111unarodnoj licenci.<\/p>\n<p style=\"text-align: justify;\">\n<strong>Prakti\u010dar sam Bachovih kapi<\/strong> i zavr\u0161ila sam Level 1 i Level 2 edukaciju koju je odobrio Bachov centar u Londonu. Na\u017ealost u ovom trenutku sam zbog Covid 19 epidemije sprije\u010dena\u00a0 zavr\u0161iti i Level 3 edukaciju jer je Bachov centar strogo propisuje i nije je mogu\u0107e polo\u017eiti online.<\/p>\n<p><em>mag. pharm Jelena Poli\u0107 holisti\u010dki terapeut<\/em><\/p>\n<\/div><\/section><\/div><div  class='avia-image-container  av-styling- av-hover-grow   avia-builder-el-2  el_after_av_one_full  avia-builder-el-last  avia-align-center '  itemprop=\"image\" itemscope=\"itemscope\" itemtype=\"https:\/\/schema.org\/ImageObject\"  ><div class='avia-image-container-inner'><div class='avia-image-overlay-wrap'><a href='http:\/\/najla.hr\/wp-content\/uploads\/2020\/11\/Najla-1111-1030x687.png' class='avia_image'  ><img width=\"1500\" height=\"1000\" class='wp-image-457 avia-img-lazy-loading-not-457 avia_image' src=\"http:\/\/najla.hr\/wp-content\/uploads\/2020\/11\/Najla-1111.png\" alt='' title='-Najla-1111'  itemprop=\"thumbnailUrl\" srcset=\"http:\/\/najla.hr\/wp-content\/uploads\/2020\/11\/Najla-1111.png 1500w, http:\/\/najla.hr\/wp-content\/uploads\/2020\/11\/Najla-1111-300x200.png 300w, http:\/\/najla.hr\/wp-content\/uploads\/2020\/11\/Najla-1111-1030x687.png 1030w, http:\/\/najla.hr\/wp-content\/uploads\/2020\/11\/Najla-1111-768x512.png 768w, http:\/\/najla.hr\/wp-content\/uploads\/2020\/11\/Najla-1111-705x470.png 705w\" sizes=\"(max-width: 1500px) 100vw, 1500px\" \/><\/a><\/div><\/div><\/div><\/p>\n","protected":false},"excerpt":{"rendered":"","protected":false},"author":1,"featured_media":0,"parent":0,"menu_order":6,"comment_status":"closed","ping_status":"closed","template":"","meta":[],"_links":{"self":[{"href":"http:\/\/najla.hr\/index.php\/wp-json\/wp\/v2\/pages\/17"}],"collection":[{"href":"http:\/\/najla.hr\/index.php\/wp-json\/wp\/v2\/pages"}],"about":[{"href":"http:\/\/najla.hr\/index.php\/wp-json\/wp\/v2\/types\/page"}],"author":[{"embeddable":true,"href":"http:\/\/najla.hr\/index.php\/wp-json\/wp\/v2\/users\/1"}],"replies":[{"embeddable":true,"href":"http:\/\/najla.hr\/index.php\/wp-json\/wp\/v2\/comments?post=17"}],"version-history":[{"count":12,"href":"http:\/\/najla.hr\/index.php\/wp-json\/wp\/v2\/pages\/17\/revisions"}],"predecessor-version":[{"id":485,"href":"http:\/\/najla.hr\/index.php\/wp-json\/wp\/v2\/pages\/17\/revisions\/485"}],"wp:attachment":[{"href":"http:\/\/najla.hr\/index.php\/wp-json\/wp\/v2\/media?parent=17"}],"curies":[{"name":"wp","href":"https:\/\/api.w.org\/{rel}","templated":true}]}}