{"id":107,"date":"2020-11-05T14:01:30","date_gmt":"2020-11-05T13:01:30","guid":{"rendered":"http:\/\/najla.hr\/?page_id=107"},"modified":"2020-12-04T23:01:53","modified_gmt":"2020-12-04T22:01:53","slug":"homeopatija-u-europi-i-svijetu","status":"publish","type":"page","link":"http:\/\/najla.hr\/index.php\/zanimljivosti-2\/homeopatija-u-europi-i-svijetu\/","title":{"rendered":"Homeopatija u Europi i svijetu"},"content":{"rendered":"<div class=\"flex_column av_two_third  flex_column_div av-zero-column-padding first  avia-builder-el-0  el_before_av_one_third  avia-builder-el-first  \" style='border-radius:0px; '><section class=\"av_textblock_section \"  itemscope=\"itemscope\" itemtype=\"https:\/\/schema.org\/CreativeWork\" ><div class='avia_textblock  '   itemprop=\"text\" ><h1>HOMEOPATIJA U EUROPI I SVIJETU<\/h1>\n<hr \/>\n<h2><em>\u00a0Homeopatija u razvijenim europskim zemljama<\/em><\/h2>\n<p style=\"text-align: justify;\">Vi\u0161e od 5000 lije\u010dnika u <strong>Njema\u010dkoj <\/strong>prakticira homeopatiju,a isti toliki broj prakti\u010dara nemedicinske struke pru\u017ea usluge homeopatskim savjetovanjem, potpuno punopravno s lije\u010dnicima iako oni to nisu, \u0161to se u Njema\u010dkom zakonodavstvu naziva \u201eHelipraktiker\u201c.<\/p>\n<p style=\"text-align: justify;\"><strong>\u0160vicarska<\/strong> vlada izjedna\u010dila je status homeopatije sa slu\u017ebenom medicinom te je od 1.7.2017. lije\u010denje homeopatijom pokriveno obaveznim zdravstvenim osiguranjem.Takva je odluka rezultat provedenog istra\u017eivanja i referenduma 2009. g. kada se 67% stanovni\u0161va u \u0160vicarskoj izjasnilo da homeopatija treba biti uklju\u010dena na listu pla\u0107enih zdravstvenih usluga.<\/p>\n<\/div><\/section><\/div><div class=\"flex_column av_one_third  flex_column_div av-zero-column-padding   avia-builder-el-2  el_after_av_two_third  el_before_av_textblock  \" style='border-radius:0px; '><div  class='avia-image-container  av-styling-circle  av-has-copyright av-copyright-always   avia-builder-el-3  avia-builder-el-no-sibling  avia-align-center '  itemprop=\"image\" itemscope=\"itemscope\" itemtype=\"https:\/\/schema.org\/ImageObject\"  ><div class='avia-image-container-inner'><div class='avia-image-overlay-wrap'><img class='wp-image-125 avia-img-lazy-loading-not-125 avia_image' src=\"http:\/\/najla.hr\/wp-content\/uploads\/2020\/11\/Homeopatija-u-razvijenim-Europskim-Zemljama-300x175.png\" alt='' title='Homeopatija u razvijenim Europskim Zemljama' height=\"175\" width=\"300\"  itemprop=\"thumbnailUrl\" srcset=\"http:\/\/najla.hr\/wp-content\/uploads\/2020\/11\/Homeopatija-u-razvijenim-Europskim-Zemljama-300x175.png 300w, http:\/\/najla.hr\/wp-content\/uploads\/2020\/11\/Homeopatija-u-razvijenim-Europskim-Zemljama.png 521w\" sizes=\"(max-width: 300px) 100vw, 300px\" \/><\/div><small class='avia-copyright'>Homeopatija u razvijenim Europskim zemljama<\/small><\/div><\/div><\/div><section class=\"av_textblock_section \"  itemscope=\"itemscope\" itemtype=\"https:\/\/schema.org\/CreativeWork\" ><div class='avia_textblock  '   itemprop=\"text\" ><p style=\"text-align: justify;\"><strong>Engleska kraljevska obitelj<\/strong> ve\u0107 generacijama koristi i zagovara primjenu homeopatije. Kraljica majka uvijek putuje u pratnji svog homeopata i ne zaboravimo da je uz takvu terapiju do\u017eivjela 101 godinu. Princ Charles je na svom imanju u \u0160kotskoj otvorio 2019.g. holisti\u010dki centar koji pru\u017ea usluge homeopatije ,refleksologije i akupunkture. Tako\u0111er je i pokrovitelj Homeopatskog fakulteta (Faculty of Homeopathy). O homeopatiji je\u00a0 pisao: \u201eHomeopatija pru\u017ea holisti\u010dki pristup koji stavlja pacijenta u sredi\u0161te, uz mali rizik, niske tro\u0161kove i minimalnu tehnologiju. \u00a0Stoga zdrav razum nala\u017ee da se homeopatske bolnice sa\u010duvaju u interesu zdravlja nacije.\u201c<\/p>\n<p style=\"text-align: justify;\"><strong>Francuska<\/strong> je jedna od zemalja u kojoj je homeopatija vrlo ra\u0161irena.Vi\u0161e od 40% stanovni\u0161tva u Francuskoj koristi homeopatiju.Boiron je svjetski poznata francuska tvrtka koja proizvodi homeopatske remedije.Danas je francuska homeopatija jedna od nekoliko metoda homeopatije te se uz indijsku homeopatiju u\u010di na studijima homeopatije. Skoro u svakoj ljekarni u Francuskoj uz alopatske lijekove i fitofarmake mo\u017eete na\u0107i i homeopatske remedije.<\/p>\n<\/div><\/section><\/p>\n<div class=\"flex_column av_one_third  flex_column_div av-zero-column-padding first  avia-builder-el-5  el_after_av_textblock  el_before_av_two_third  column-top-margin\" style='border-radius:0px; '><div  class='avia-image-container  av-styling-circle  av-has-copyright av-copyright-always   avia-builder-el-6  avia-builder-el-no-sibling  avia-align-center '  itemprop=\"image\" itemscope=\"itemscope\" itemtype=\"https:\/\/schema.org\/ImageObject\"  ><div class='avia-image-container-inner'><div class='avia-image-overlay-wrap'><img class='wp-image-126 avia-img-lazy-loading-not-126 avia_image' src=\"http:\/\/najla.hr\/wp-content\/uploads\/2020\/11\/Homeopatija-u-Rusiji-180x180.png\" alt='' title='Homeopatija u Rusiji' height=\"180\" width=\"180\"  itemprop=\"thumbnailUrl\" srcset=\"http:\/\/najla.hr\/wp-content\/uploads\/2020\/11\/Homeopatija-u-Rusiji-180x180.png 180w, http:\/\/najla.hr\/wp-content\/uploads\/2020\/11\/Homeopatija-u-Rusiji-80x80.png 80w, http:\/\/najla.hr\/wp-content\/uploads\/2020\/11\/Homeopatija-u-Rusiji-36x36.png 36w\" sizes=\"(max-width: 180px) 100vw, 180px\" \/><\/div><small class='avia-copyright'>Homeopatija u Rusiji<\/small><\/div><\/div><\/div><div class=\"flex_column av_two_third  flex_column_div av-zero-column-padding   avia-builder-el-7  el_after_av_one_third  el_before_av_two_third  column-top-margin\" style='border-radius:0px; '><section class=\"av_textblock_section \"  itemscope=\"itemscope\" itemtype=\"https:\/\/schema.org\/CreativeWork\" ><div class='avia_textblock  '   itemprop=\"text\" ><h2><em>Homeopatija u Rusiji<\/em><\/h2>\n<p><strong>Rusija<\/strong> razmatra uklju\u010diti homeopatiju u program studija medicine. Zaklju\u010dak okruglog stola bio je \u201e&#8230;metoda alternativne medicine koja je u potpunosti primjerena za prevenciju i lije\u010denje razli\u010ditih bolesti, komplementarna s drugim metodama klasi\u010dne medicine&#8230;\u201c \u010cak 49% stanovni\u0161tva Rusije koristi homeopatiju.<\/p>\n<\/div><\/section><\/div><div class=\"flex_column av_two_third  flex_column_div av-zero-column-padding first  avia-builder-el-9  el_after_av_two_third  el_before_av_one_third  column-top-margin\" style='border-radius:0px; '><section class=\"av_textblock_section \"  itemscope=\"itemscope\" itemtype=\"https:\/\/schema.org\/CreativeWork\" ><div class='avia_textblock  '   itemprop=\"text\" ><h1><em>Homeopatija u Indiji<\/em><\/h1>\n<p style=\"text-align: justify;\">\n<strong>Indija <\/strong>je zemlja u kojoj se homeopatija prakticira u bolnicama i u\u010di na medicinskim koled\u017eima. Homeopatija je u Indiji priznata metoda lije\u010denja temeljem zakona iz 1973.g. (Homeopathy Central Council Act). Jedinstveni sustav edukacije u podru\u010dju homeopatije uspostavljen je u Indiji jo\u0161 1983.g. AYUS sustav \u010dine bolnice, obrazovne institucije i registrirani prakti\u010dari. Prema AYUSH podacima u Indiji trenutno postoji preko 3 300 homeopatskih bolnica, 21 000 homeopatskih ljekarni, 485 homeopatskih koled\u017ea i oko 725 000 lije\u010dnika koji se slu\u017ebeno bave homeopatijom. Veli\u010dina homeopatskog tr\u017ei\u0161ta je oko 26 milijardi Indijskih rupija (419 milijuna ameri\u010dkih dolara).<\/p>\n<\/div><\/section><\/div><div class=\"flex_column av_one_third  flex_column_div av-zero-column-padding   avia-builder-el-11  el_after_av_two_third  avia-builder-el-last  column-top-margin\" style='border-radius:0px; '><div  class='avia-image-container  av-styling-circle  av-has-copyright av-copyright-always   avia-builder-el-12  avia-builder-el-no-sibling  avia-align-center '  itemprop=\"image\" itemscope=\"itemscope\" itemtype=\"https:\/\/schema.org\/ImageObject\"  ><div class='avia-image-container-inner'><div class='avia-image-overlay-wrap'><img class='wp-image-131 avia-img-lazy-loading-not-131 avia_image' src=\"http:\/\/najla.hr\/wp-content\/uploads\/2020\/11\/Homeopatija-u-Indiji-180x180.png\" alt='' title='Homeopatija u Indiji' height=\"180\" width=\"180\"  itemprop=\"thumbnailUrl\" srcset=\"http:\/\/najla.hr\/wp-content\/uploads\/2020\/11\/Homeopatija-u-Indiji-180x180.png 180w, http:\/\/najla.hr\/wp-content\/uploads\/2020\/11\/Homeopatija-u-Indiji-80x80.png 80w, http:\/\/najla.hr\/wp-content\/uploads\/2020\/11\/Homeopatija-u-Indiji-36x36.png 36w\" sizes=\"(max-width: 180px) 100vw, 180px\" \/><\/div><small class='avia-copyright'>Homeopatija u Indiji<\/small><\/div><\/div><\/div><\/p>\n","protected":false},"excerpt":{"rendered":"","protected":false},"author":1,"featured_media":0,"parent":80,"menu_order":5,"comment_status":"closed","ping_status":"closed","template":"","meta":[],"_links":{"self":[{"href":"http:\/\/najla.hr\/index.php\/wp-json\/wp\/v2\/pages\/107"}],"collection":[{"href":"http:\/\/najla.hr\/index.php\/wp-json\/wp\/v2\/pages"}],"about":[{"href":"http:\/\/najla.hr\/index.php\/wp-json\/wp\/v2\/types\/page"}],"author":[{"embeddable":true,"href":"http:\/\/najla.hr\/index.php\/wp-json\/wp\/v2\/users\/1"}],"replies":[{"embeddable":true,"href":"http:\/\/najla.hr\/index.php\/wp-json\/wp\/v2\/comments?post=107"}],"version-history":[{"count":5,"href":"http:\/\/najla.hr\/index.php\/wp-json\/wp\/v2\/pages\/107\/revisions"}],"predecessor-version":[{"id":133,"href":"http:\/\/najla.hr\/index.php\/wp-json\/wp\/v2\/pages\/107\/revisions\/133"}],"up":[{"embeddable":true,"href":"http:\/\/najla.hr\/index.php\/wp-json\/wp\/v2\/pages\/80"}],"wp:attachment":[{"href":"http:\/\/najla.hr\/index.php\/wp-json\/wp\/v2\/media?parent=107"}],"curies":[{"name":"wp","href":"https:\/\/api.w.org\/{rel}","templated":true}]}}