{"id":104,"date":"2020-11-05T13:56:04","date_gmt":"2020-11-05T12:56:04","guid":{"rendered":"http:\/\/najla.hr\/?page_id=104"},"modified":"2020-12-04T22:44:16","modified_gmt":"2020-12-04T21:44:16","slug":"znavstvena-podrska-homeopatiji","status":"publish","type":"page","link":"http:\/\/najla.hr\/index.php\/zanimljivosti-2\/znavstvena-podrska-homeopatiji\/","title":{"rendered":"Znavstvena podr\u0161ka homeopatiji"},"content":{"rendered":"<div class=\"flex_column av_two_third  flex_column_div av-zero-column-padding first  avia-builder-el-0  el_before_av_one_third  avia-builder-el-first  \" style='border-radius:0px; '><section class=\"av_textblock_section \"  itemscope=\"itemscope\" itemtype=\"https:\/\/schema.org\/CreativeWork\" ><div class='avia_textblock  '   itemprop=\"text\" ><h1>Znanstvena podr\u0161ka homeopatiji &#8211; Francuski virolog Luc Montagnier<\/h1>\n<hr\/>\n<p style=\"text-align: justify;\">\n<strong>Luc Montagnier, <\/strong>\u00a0<strong>francuski virolog ( 2008.g. dobitnik Nobelove nagrade za otkri\u0107e virusa AIDS-a) je iznenadio znanstvenu zajednicu podr\u0161kom homeopatskoj medicini.<\/strong> U izvanrednom intervjuu objavljenom u \u010dasopisu Science 24.12.2010.g. se poziva na svoje eksperimentalno istra\u017eivanje koje potvr\u0111uje jedno od kontraverznih obilje\u017eja homeopatske medicine koja koristi doze tvari koje su podvrgnute uzastopnom razrije\u0111ivanju uz sna\u017eno potresanje izme\u0111u svakog razrje\u0111ivanja. Moderni znanstvenici tvrde da u takvim razrije\u0111enjima nijedna originalna molekula ne ostaje u otopini. Montagnierovo istra\u017eivanje ( i ostalih mnogih njegovih kolega ) potvr\u0111uje da elektromagnetski signali izvornog lijeka ostaju u vodi i imaju dramati\u010dne biolo\u0161ke u\u010dinke. Montagnier izjavljuje: \u201cNe mogu re\u0107i da je homeopatija u svemu ispravna. Ono \u0161to sada mogu re\u0107i da su velika razrije\u0111enja (koja se koriste u homeopatiji ) ispravna. Visoka razrije\u0111enja ne\u010dega nisu ni\u0161ta. To su vodene strukture koje opona\u0161aju izvorne molekule.\u201c On se poziva na svoje novo istra\u017eivanje elektromagnetskih valova koji potje\u010du iz visoko razrije\u0111ene DNK razli\u010ditih patogena: \u201cOno \u0161to smo otkrili je da DNK proizvodi strukturne promjene u vodi, koje postoje pri vrlo visokim razrje\u0111enjima i koje dovode do rezonantih elektromagnetskih signala koje mo\u017eemo izmjeriti. Ne stvara sva DNK signale koje mo\u017eemo otkriti pomo\u0107u na\u0161eg ure\u0111aja. Signali visokog inteziteta dolaze od bakterijske i virusne DNK.\u201c \u00a0Smatra da \u0107e ova nova promatranja dovesti do novih lije\u010denja mnogih uobi\u010dajnih kroni\u010dnih bolesti uklju\u010duju\u0107i i autizam, Alzheimerovu bolest, Parkinsonovu bolest i multiplu sklerozu. Homeopatija ve\u0107 danas koristi visoko dinamizirana razrije\u0111enja bakterijskih i virusnih patogena te uspije\u0161no lije\u010di bolesti koje isti uzrokuju. To su nodoze kandide, escherichie coli, Epstein Barr virusa, streptokoka i mnogih drugih. Danas se nodoze popularno nazivaju \u201ehomeopatskim cjepivima\u201c.<\/p>\n<p style=\"text-align: justify;\">\nS obzrom da mu francuski zakon o mirovinama ne dozvoljava rad (78) u javnom zavodu a i mala je vjerovatnost da \u0107e za istra\u017eivanje dobiti sredstva od Big Pharme ili nekih drugih konvecionalnih agencija za financiranje istra\u017eivanja zbog atmosfere antagonizma prema homeopatiji i prirodnim mogu\u0107nostima istra\u017eivanja, Montagnier je preuzeo novo radno mjesto na sveu\u010dili\u0161tu Jiaotong u \u0160angaju u Kini (ovo sveu\u010dili\u0161te nazivaju \u201ekineskim MIT-om\u201c) gdje radi u novom institutu koje nosi njegovo ime. Ovaj rad usredoto\u010den je na novi znanstveni pokret na podru\u010dju fizike, biologije i medicine.<\/p>\n<\/div><\/section><\/div><div class=\"flex_column av_one_third  flex_column_div av-zero-column-padding   avia-builder-el-2  el_after_av_two_third  el_before_av_textblock  \" style='border-radius:0px; '><div  class='avia-image-container  av-styling-circle  av-has-copyright av-copyright-always   avia-builder-el-3  avia-builder-el-no-sibling  avia-align-center '  itemprop=\"image\" itemscope=\"itemscope\" itemtype=\"https:\/\/schema.org\/ImageObject\"  ><div class='avia-image-container-inner'><div class='avia-image-overlay-wrap'><img class='wp-image-121 avia-img-lazy-loading-not-121 avia_image' src=\"http:\/\/najla.hr\/wp-content\/uploads\/2020\/11\/Luc-Montagnier-300x203.png\" alt='' title='Luc Montagnier' height=\"203\" width=\"300\"  itemprop=\"thumbnailUrl\" srcset=\"http:\/\/najla.hr\/wp-content\/uploads\/2020\/11\/Luc-Montagnier-300x203.png 300w, http:\/\/najla.hr\/wp-content\/uploads\/2020\/11\/Luc-Montagnier.png 504w\" sizes=\"(max-width: 300px) 100vw, 300px\" \/><\/div><small class='avia-copyright'>Luc Montagnier<\/small><\/div><\/div><\/div><\/p>\n","protected":false},"excerpt":{"rendered":"","protected":false},"author":1,"featured_media":0,"parent":80,"menu_order":4,"comment_status":"closed","ping_status":"closed","template":"","meta":[],"_links":{"self":[{"href":"http:\/\/najla.hr\/index.php\/wp-json\/wp\/v2\/pages\/104"}],"collection":[{"href":"http:\/\/najla.hr\/index.php\/wp-json\/wp\/v2\/pages"}],"about":[{"href":"http:\/\/najla.hr\/index.php\/wp-json\/wp\/v2\/types\/page"}],"author":[{"embeddable":true,"href":"http:\/\/najla.hr\/index.php\/wp-json\/wp\/v2\/users\/1"}],"replies":[{"embeddable":true,"href":"http:\/\/najla.hr\/index.php\/wp-json\/wp\/v2\/comments?post=104"}],"version-history":[{"count":2,"href":"http:\/\/najla.hr\/index.php\/wp-json\/wp\/v2\/pages\/104\/revisions"}],"predecessor-version":[{"id":122,"href":"http:\/\/najla.hr\/index.php\/wp-json\/wp\/v2\/pages\/104\/revisions\/122"}],"up":[{"embeddable":true,"href":"http:\/\/najla.hr\/index.php\/wp-json\/wp\/v2\/pages\/80"}],"wp:attachment":[{"href":"http:\/\/najla.hr\/index.php\/wp-json\/wp\/v2\/media?parent=104"}],"curies":[{"name":"wp","href":"https:\/\/api.w.org\/{rel}","templated":true}]}}